{"id":2,"date":"2025-08-13T08:59:44","date_gmt":"2025-08-13T08:59:44","guid":{"rendered":"https:\/\/eskulanakmanualidades.rkinformatika.online\/?page_id=2"},"modified":"2025-08-13T12:56:56","modified_gmt":"2025-08-13T12:56:56","slug":"inicio","status":"publish","type":"page","link":"https:\/\/eskulanakmanualidades.com\/eu\/","title":{"rendered":"Hasiera"},"content":{"rendered":"\t\t<div data-elementor-type=\"wp-page\" data-elementor-id=\"2\" class=\"elementor elementor-2\" data-elementor-post-type=\"page\">\n\t\t\t\t\t\t<section class=\"elementor-section elementor-top-section elementor-element elementor-element-816e88b elementor-section-boxed elementor-section-height-default elementor-section-height-default\" data-id=\"816e88b\" data-element_type=\"section\" data-e-type=\"section\" data-settings=\"{&quot;background_background&quot;:&quot;slideshow&quot;,&quot;background_slideshow_gallery&quot;:[{&quot;id&quot;:119,&quot;url&quot;:&quot;https:\\\/\\\/eskulanakmanualidades.com\\\/wp-content\\\/uploads\\\/2025\\\/08\\\/WhatsApp-Image-2025-07-21-at-10.23.04.jpeg&quot;},{&quot;id&quot;:116,&quot;url&quot;:&quot;https:\\\/\\\/eskulanakmanualidades.com\\\/wp-content\\\/uploads\\\/2025\\\/08\\\/WhatsApp-Image-2025-07-21-at-10.23.05.jpeg&quot;},{&quot;id&quot;:114,&quot;url&quot;:&quot;https:\\\/\\\/eskulanakmanualidades.com\\\/wp-content\\\/uploads\\\/2025\\\/08\\\/WhatsApp-Image-2025-07-21-at-10.23.11-1.jpeg&quot;}],&quot;background_slideshow_ken_burns&quot;:&quot;yes&quot;,&quot;background_slideshow_loop&quot;:&quot;yes&quot;,&quot;background_slideshow_slide_duration&quot;:5000,&quot;background_slideshow_slide_transition&quot;:&quot;fade&quot;,&quot;background_slideshow_transition_duration&quot;:500,&quot;background_slideshow_ken_burns_zoom_direction&quot;:&quot;in&quot;}\">\n\t\t\t\t\t\t\t<div class=\"elementor-background-overlay\"><\/div>\n\t\t\t\t\t\t\t<div class=\"elementor-container elementor-column-gap-default\">\n\t\t\t\t\t<div class=\"elementor-column elementor-col-100 elementor-top-column elementor-element elementor-element-3a81565\" data-id=\"3a81565\" data-element_type=\"column\" data-e-type=\"column\">\n\t\t\t<div class=\"elementor-widget-wrap elementor-element-populated\">\n\t\t\t\t\t\t<div class=\"elementor-element elementor-element-d482a2d elementor-widget elementor-widget-heading\" data-id=\"d482a2d\" data-element_type=\"widget\" data-e-type=\"widget\" data-widget_type=\"heading.default\">\n\t\t\t\t\t<h2 class=\"elementor-heading-title elementor-size-default\">\u00a1Crea algo hermoso hoy!<\/h2>\t\t\t\t<\/div>\n\t\t\t\t<div class=\"elementor-element elementor-element-b8677ca elementor-widget elementor-widget-button\" data-id=\"b8677ca\" data-element_type=\"widget\" data-e-type=\"widget\" data-widget_type=\"button.default\">\n\t\t\t\t\t\t\t\t\t\t<a class=\"elementor-button elementor-button-link elementor-size-sm elementor-animation-float\" href=\"\/servicios\">\n\t\t\t\t\t\t<span class=\"elementor-button-content-wrapper\">\n\t\t\t\t\t\t\t\t\t<span class=\"elementor-button-text\">Servicios<\/span>\n\t\t\t\t\t<\/span>\n\t\t\t\t\t<\/a>\n\t\t\t\t\t\t\t\t<\/div>\n\t\t\t\t\t<\/div>\n\t\t<\/div>\n\t\t\t\t\t<\/div>\n\t\t<\/section>\n\t\t<div class=\"elementor-element elementor-element-dcb7e73 e-flex e-con-boxed elementor-invisible e-con e-parent\" data-id=\"dcb7e73\" data-element_type=\"container\" data-e-type=\"container\" data-settings=\"{&quot;animation&quot;:&quot;fadeInDown&quot;}\">\n\t\t\t\t\t<div class=\"e-con-inner\">\n\t\t<div class=\"elementor-element elementor-element-70ed89c e-con-full e-flex e-con e-child\" data-id=\"70ed89c\" data-element_type=\"container\" data-e-type=\"container\">\n\t\t\t\t<div class=\"elementor-element elementor-element-cac43c2 elementor-widget-divider--view-line_text elementor-widget-divider--element-align-right elementor-widget elementor-widget-divider\" data-id=\"cac43c2\" data-element_type=\"widget\" data-e-type=\"widget\" data-widget_type=\"divider.default\">\n\t\t\t\t\t\t\t<div class=\"elementor-divider\">\n\t\t\t<span class=\"elementor-divider-separator\">\n\t\t\t\t\t\t\t<span class=\"elementor-divider__text elementor-divider__element\">\n\t\t\t\tSOBRE NOSOTROS\t\t\t\t<\/span>\n\t\t\t\t\t\t<\/span>\n\t\t<\/div>\n\t\t\t\t\t\t<\/div>\n\t\t\t\t<div class=\"elementor-element elementor-element-4f4c358 elementor-widget elementor-widget-heading\" data-id=\"4f4c358\" data-element_type=\"widget\" data-e-type=\"widget\" data-widget_type=\"heading.default\">\n\t\t\t\t\t<h2 class=\"elementor-heading-title elementor-size-default\">el dise\u00f1o innovador es nuestra pasi\u00f3n<\/h2>\t\t\t\t<\/div>\n\t\t\t\t<div class=\"elementor-element elementor-element-a984de3 elementor-widget elementor-widget-text-editor\" data-id=\"a984de3\" data-element_type=\"widget\" data-e-type=\"widget\" data-widget_type=\"text-editor.default\">\n\t\t\t\t\t\t\t\t\t<p>Tienda especializada que ofrece un amplio surtido de art\u00edculos destinados a manualidades, donde podr\u00e1s elegir entre una extensa variedad de materiales y herramientas que te permitir\u00e1n dar rienda suelta a tu imaginaci\u00f3n y crear verdaderas obras de arte.\u00a0<\/p>\t\t\t\t\t\t\t\t<\/div>\n\t\t\t\t<div class=\"elementor-element elementor-element-be6adfe elementor-widget elementor-widget-button\" data-id=\"be6adfe\" data-element_type=\"widget\" data-e-type=\"widget\" data-widget_type=\"button.default\">\n\t\t\t\t\t\t\t\t\t\t<a class=\"elementor-button elementor-button-link elementor-size-sm elementor-animation-float\" href=\"\/servicios\">\n\t\t\t\t\t\t<span class=\"elementor-button-content-wrapper\">\n\t\t\t\t\t\t\t\t\t<span class=\"elementor-button-text\">Servicios<\/span>\n\t\t\t\t\t<\/span>\n\t\t\t\t\t<\/a>\n\t\t\t\t\t\t\t\t<\/div>\n\t\t\t\t<\/div>\n\t\t<div class=\"elementor-element elementor-element-e734035 e-con-full e-flex e-con e-child\" data-id=\"e734035\" data-element_type=\"container\" data-e-type=\"container\">\n\t\t\t\t<div class=\"elementor-element elementor-element-bd7e48c elementor--h-position-center elementor--v-position-middle elementor-arrows-position-inside elementor-pagination-position-inside elementor-widget elementor-widget-slides\" data-id=\"bd7e48c\" data-element_type=\"widget\" data-e-type=\"widget\" data-settings=\"{&quot;navigation&quot;:&quot;both&quot;,&quot;autoplay&quot;:&quot;yes&quot;,&quot;pause_on_hover&quot;:&quot;yes&quot;,&quot;pause_on_interaction&quot;:&quot;yes&quot;,&quot;autoplay_speed&quot;:5000,&quot;infinite&quot;:&quot;yes&quot;,&quot;transition&quot;:&quot;slide&quot;,&quot;transition_speed&quot;:500}\" data-widget_type=\"slides.default\">\n\t\t\t\t\t\t\t\t\t\t<div class=\"elementor-slides-wrapper elementor-main-swiper swiper\" role=\"region\" aria-roledescription=\"carousel\" aria-label=\"Slides\" dir=\"ltr\" data-animation=\"fadeInUp\">\n\t\t\t\t<div class=\"swiper-wrapper elementor-slides\">\n\t\t\t\t\t\t\t\t\t\t<div class=\"elementor-repeater-item-b6d86de swiper-slide\" role=\"group\" aria-roledescription=\"slide\"><div class=\"swiper-slide-bg\" role=\"img\" aria-label=\"\"><\/div><div class=\"swiper-slide-inner\" ><div class=\"swiper-slide-contents\"><\/div><\/div><\/div><div class=\"elementor-repeater-item-575fd0b swiper-slide\" role=\"group\" aria-roledescription=\"slide\"><div class=\"swiper-slide-bg\" role=\"img\" aria-label=\"\"><\/div><div class=\"swiper-slide-inner\" ><div class=\"swiper-slide-contents\"><\/div><\/div><\/div><div class=\"elementor-repeater-item-34869da swiper-slide\" role=\"group\" aria-roledescription=\"slide\"><div class=\"swiper-slide-bg\" role=\"img\" aria-label=\"\"><\/div><div class=\"swiper-slide-inner\" ><div class=\"swiper-slide-contents\"><\/div><\/div><\/div>\t\t\t\t<\/div>\n\t\t\t\t\t\t\t\t\t\t\t\t\t\t\t<div class=\"elementor-swiper-button elementor-swiper-button-prev\" role=\"button\" tabindex=\"0\" aria-label=\"Diapositiva anterior\">\n\t\t\t\t\t\t\t<svg aria-hidden=\"true\" class=\"e-font-icon-svg e-eicon-chevron-left\" viewBox=\"0 0 1000 1000\" xmlns=\"http:\/\/www.w3.org\/2000\/svg\"><path d=\"M646 125C629 125 613 133 604 142L308 442C296 454 292 471 292 487 292 504 296 521 308 533L604 854C617 867 629 875 646 875 663 875 679 871 692 858 704 846 713 829 713 812 713 796 708 779 692 767L438 487 692 225C700 217 708 204 708 187 708 171 704 154 692 142 675 129 663 125 646 125Z\"><\/path><\/svg>\t\t\t\t\t\t<\/div>\n\t\t\t\t\t\t<div class=\"elementor-swiper-button elementor-swiper-button-next\" role=\"button\" tabindex=\"0\" aria-label=\"Diapositiva siguiente\">\n\t\t\t\t\t\t\t<svg aria-hidden=\"true\" class=\"e-font-icon-svg e-eicon-chevron-right\" viewBox=\"0 0 1000 1000\" xmlns=\"http:\/\/www.w3.org\/2000\/svg\"><path d=\"M696 533C708 521 713 504 713 487 713 471 708 454 696 446L400 146C388 133 375 125 354 125 338 125 325 129 313 142 300 154 292 171 292 187 292 204 296 221 308 233L563 492 304 771C292 783 288 800 288 817 288 833 296 850 308 863 321 871 338 875 354 875 371 875 388 867 400 854L696 533Z\"><\/path><\/svg>\t\t\t\t\t\t<\/div>\n\t\t\t\t\t\t\t\t\t\t\t\t\t\t\t\t<div class=\"swiper-pagination\"><\/div>\n\t\t\t\t\t\t\t\t\t\t\t\t<\/div>\n\t\t\t\t\t\t\t\t<\/div>\n\t\t\t\t<\/div>\n\t\t\t\t\t<\/div>\n\t\t\t\t<\/div>\n\t\t<div class=\"elementor-element elementor-element-fd00025 e-flex e-con-boxed e-con e-parent\" data-id=\"fd00025\" data-element_type=\"container\" data-e-type=\"container\" data-settings=\"{&quot;background_background&quot;:&quot;classic&quot;}\">\n\t\t\t\t\t<div class=\"e-con-inner\">\n\t\t\t\t<div class=\"elementor-element elementor-element-7da752e elementor-invisible elementor-widget elementor-widget-heading\" data-id=\"7da752e\" data-element_type=\"widget\" data-e-type=\"widget\" data-settings=\"{&quot;_animation&quot;:&quot;fadeInRight&quot;}\" data-widget_type=\"heading.default\">\n\t\t\t\t\t<h2 class=\"elementor-heading-title elementor-size-default\">\u00a1Te ayudamos a dise\u00f1ar lo que tu quieras!<\/h2>\t\t\t\t<\/div>\n\t\t\t\t<div class=\"elementor-element elementor-element-5479b3b elementor-widget elementor-widget-button\" data-id=\"5479b3b\" data-element_type=\"widget\" data-e-type=\"widget\" data-widget_type=\"button.default\">\n\t\t\t\t\t\t\t\t\t\t<a class=\"elementor-button elementor-button-link elementor-size-sm elementor-animation-float\" href=\"\/servicios\">\n\t\t\t\t\t\t<span class=\"elementor-button-content-wrapper\">\n\t\t\t\t\t\t\t\t\t<span class=\"elementor-button-text\">Servicios<\/span>\n\t\t\t\t\t<\/span>\n\t\t\t\t\t<\/a>\n\t\t\t\t\t\t\t\t<\/div>\n\t\t\t\t\t<\/div>\n\t\t\t\t<\/div>\n\t\t<div class=\"elementor-element elementor-element-c48c555 e-flex e-con-boxed elementor-invisible e-con e-parent\" data-id=\"c48c555\" data-element_type=\"container\" data-e-type=\"container\" data-settings=\"{&quot;animation&quot;:&quot;fadeInDown&quot;}\">\n\t\t\t\t\t<div class=\"e-con-inner\">\n\t\t<div class=\"elementor-element elementor-element-cf5dfa7 e-con-full e-flex e-con e-child\" data-id=\"cf5dfa7\" data-element_type=\"container\" data-e-type=\"container\">\n\t\t\t\t<div class=\"elementor-element elementor-element-f333b2a elementor-widget elementor-widget-image\" data-id=\"f333b2a\" data-element_type=\"widget\" data-e-type=\"widget\" data-widget_type=\"image.default\">\n\t\t\t\t\t\t\t\t\t\t\t\t\t\t\t<img fetchpriority=\"high\" decoding=\"async\" width=\"2048\" height=\"1536\" src=\"https:\/\/eskulanakmanualidades.com\/wp-content\/uploads\/2025\/08\/WhatsApp-Image-2025-07-21-at-10.23.12.jpeg\" class=\"elementor-animation-buzz attachment-full size-full wp-image-111\" alt=\"\" srcset=\"https:\/\/eskulanakmanualidades.com\/wp-content\/uploads\/2025\/08\/WhatsApp-Image-2025-07-21-at-10.23.12.jpeg 2048w, https:\/\/eskulanakmanualidades.com\/wp-content\/uploads\/2025\/08\/WhatsApp-Image-2025-07-21-at-10.23.12-300x225.jpeg 300w, https:\/\/eskulanakmanualidades.com\/wp-content\/uploads\/2025\/08\/WhatsApp-Image-2025-07-21-at-10.23.12-1024x768.jpeg 1024w, https:\/\/eskulanakmanualidades.com\/wp-content\/uploads\/2025\/08\/WhatsApp-Image-2025-07-21-at-10.23.12-768x576.jpeg 768w, https:\/\/eskulanakmanualidades.com\/wp-content\/uploads\/2025\/08\/WhatsApp-Image-2025-07-21-at-10.23.12-1536x1152.jpeg 1536w, https:\/\/eskulanakmanualidades.com\/wp-content\/uploads\/2025\/08\/WhatsApp-Image-2025-07-21-at-10.23.12-16x12.jpeg 16w\" sizes=\"(max-width: 2048px) 100vw, 2048px\" \/>\t\t\t\t\t\t\t\t\t\t\t\t\t\t\t<\/div>\n\t\t\t\t<\/div>\n\t\t<div class=\"elementor-element elementor-element-ac57f27 e-con-full e-flex e-con e-child\" data-id=\"ac57f27\" data-element_type=\"container\" data-e-type=\"container\">\n\t\t\t\t<div class=\"elementor-element elementor-element-51d124e elementor-widget-divider--view-line_text elementor-widget-divider--element-align-right elementor-widget elementor-widget-divider\" data-id=\"51d124e\" data-element_type=\"widget\" data-e-type=\"widget\" data-widget_type=\"divider.default\">\n\t\t\t\t\t\t\t<div class=\"elementor-divider\">\n\t\t\t<span class=\"elementor-divider-separator\">\n\t\t\t\t\t\t\t<span class=\"elementor-divider__text elementor-divider__element\">\n\t\t\t\tOBJETIVO\t\t\t\t<\/span>\n\t\t\t\t\t\t<\/span>\n\t\t<\/div>\n\t\t\t\t\t\t<\/div>\n\t\t\t\t<div class=\"elementor-element elementor-element-993e674 elementor-widget elementor-widget-heading\" data-id=\"993e674\" data-element_type=\"widget\" data-e-type=\"widget\" data-widget_type=\"heading.default\">\n\t\t\t\t\t<h2 class=\"elementor-heading-title elementor-size-default\">ARTE Y DECORACI\u00d3N<\/h2>\t\t\t\t<\/div>\n\t\t\t\t<div class=\"elementor-element elementor-element-9aa03d2 elementor-widget elementor-widget-text-editor\" data-id=\"9aa03d2\" data-element_type=\"widget\" data-e-type=\"widget\" data-widget_type=\"text-editor.default\">\n\t\t\t\t\t\t\t\t\t<p>Nuestro objetivo es proporcionar todo lo necesario para que cada proyecto sea \u00fanico y especial, y para que disfrutes del proceso creativo al m\u00e1ximo.<\/p>\t\t\t\t\t\t\t\t<\/div>\n\t\t\t\t<div class=\"elementor-element elementor-element-1bb2bea elementor-widget elementor-widget-button\" data-id=\"1bb2bea\" data-element_type=\"widget\" data-e-type=\"widget\" data-widget_type=\"button.default\">\n\t\t\t\t\t\t\t\t\t\t<a class=\"elementor-button elementor-button-link elementor-size-sm elementor-animation-float\" href=\"\/servicios\">\n\t\t\t\t\t\t<span class=\"elementor-button-content-wrapper\">\n\t\t\t\t\t\t\t\t\t<span class=\"elementor-button-text\">Servicios<\/span>\n\t\t\t\t\t<\/span>\n\t\t\t\t\t<\/a>\n\t\t\t\t\t\t\t\t<\/div>\n\t\t\t\t<\/div>\n\t\t\t\t\t<\/div>\n\t\t\t\t<\/div>\n\t\t\t\t<\/div>\n\t\t","protected":false},"excerpt":{"rendered":"<p>\u00a1Crea algo hermoso hoy! Servicios SOBRE NOSOTROS el dise\u00f1o innovador es nuestra pasi\u00f3n Tienda especializada que ofrece un amplio surtido de art\u00edculos destinados a manualidades, donde podr\u00e1s elegir entre una extensa variedad de materiales y herramientas que te permitir\u00e1n dar rienda suelta a tu imaginaci\u00f3n y crear verdaderas obras de arte.\u00a0 Servicios \u00a1Te ayudamos a [&hellip;]<\/p>\n","protected":false},"author":1,"featured_media":0,"parent":0,"menu_order":0,"comment_status":"closed","ping_status":"closed","template":"elementor_canvas","meta":{"footnotes":""},"class_list":["post-2","page","type-page","status-publish","hentry"],"yoast_head":"<!-- This site is optimized with the Yoast SEO plugin v27.3 - https:\/\/yoast.com\/product\/yoast-seo-wordpress\/ -->\n<title>Inicio - Eskulanak - Manualidades<\/title>\n<meta name=\"robots\" content=\"index, follow, max-snippet:-1, max-image-preview:large, max-video-preview:-1\" \/>\n<link rel=\"canonical\" href=\"https:\/\/eskulanakmanualidades.com\/eu\/\" \/>\n<meta property=\"og:locale\" content=\"en_US\" \/>\n<meta property=\"og:type\" content=\"article\" \/>\n<meta property=\"og:title\" content=\"Inicio - Eskulanak - Manualidades\" \/>\n<meta property=\"og:description\" content=\"\u00a1Crea algo hermoso hoy! Servicios SOBRE NOSOTROS el dise\u00f1o innovador es nuestra pasi\u00f3n Tienda especializada que ofrece un amplio surtido de art\u00edculos destinados a manualidades, donde podr\u00e1s elegir entre una extensa variedad de materiales y herramientas que te permitir\u00e1n dar rienda suelta a tu imaginaci\u00f3n y crear verdaderas obras de arte.\u00a0 Servicios \u00a1Te ayudamos a [&hellip;]\" \/>\n<meta property=\"og:url\" content=\"https:\/\/eskulanakmanualidades.com\/eu\/\" \/>\n<meta property=\"og:site_name\" content=\"Eskulanak - Manualidades\" \/>\n<meta property=\"article:modified_time\" content=\"2025-08-13T12:56:56+00:00\" \/>\n<meta property=\"og:image\" content=\"https:\/\/eskulanakmanualidades.com\/wp-content\/uploads\/2025\/08\/WhatsApp-Image-2025-07-21-at-10.23.12.jpeg\" \/>\n<meta name=\"twitter:card\" content=\"summary_large_image\" \/>\n<meta name=\"twitter:label1\" content=\"Est. reading time\" \/>\n\t<meta name=\"twitter:data1\" content=\"1 minutua\" \/>\n<script type=\"application\/ld+json\" class=\"yoast-schema-graph\">{\"@context\":\"https:\\\/\\\/schema.org\",\"@graph\":[{\"@type\":\"WebPage\",\"@id\":\"https:\\\/\\\/eskulanakmanualidades.com\\\/\",\"url\":\"https:\\\/\\\/eskulanakmanualidades.com\\\/\",\"name\":\"Inicio - Eskulanak - Manualidades\",\"isPartOf\":{\"@id\":\"https:\\\/\\\/eskulanakmanualidades.com\\\/#website\"},\"primaryImageOfPage\":{\"@id\":\"https:\\\/\\\/eskulanakmanualidades.com\\\/#primaryimage\"},\"image\":{\"@id\":\"https:\\\/\\\/eskulanakmanualidades.com\\\/#primaryimage\"},\"thumbnailUrl\":\"https:\\\/\\\/eskulanakmanualidades.com\\\/wp-content\\\/uploads\\\/2025\\\/08\\\/WhatsApp-Image-2025-07-21-at-10.23.12.jpeg\",\"datePublished\":\"2025-08-13T08:59:44+00:00\",\"dateModified\":\"2025-08-13T12:56:56+00:00\",\"breadcrumb\":{\"@id\":\"https:\\\/\\\/eskulanakmanualidades.com\\\/#breadcrumb\"},\"inLanguage\":\"eu\",\"potentialAction\":[{\"@type\":\"ReadAction\",\"target\":[\"https:\\\/\\\/eskulanakmanualidades.com\\\/\"]}]},{\"@type\":\"ImageObject\",\"inLanguage\":\"eu\",\"@id\":\"https:\\\/\\\/eskulanakmanualidades.com\\\/#primaryimage\",\"url\":\"https:\\\/\\\/eskulanakmanualidades.com\\\/wp-content\\\/uploads\\\/2025\\\/08\\\/WhatsApp-Image-2025-07-21-at-10.23.12.jpeg\",\"contentUrl\":\"https:\\\/\\\/eskulanakmanualidades.com\\\/wp-content\\\/uploads\\\/2025\\\/08\\\/WhatsApp-Image-2025-07-21-at-10.23.12.jpeg\"},{\"@type\":\"BreadcrumbList\",\"@id\":\"https:\\\/\\\/eskulanakmanualidades.com\\\/#breadcrumb\",\"itemListElement\":[{\"@type\":\"ListItem\",\"position\":1,\"name\":\"Portada\",\"item\":\"https:\\\/\\\/eskulanakmanualidades.com\\\/\"},{\"@type\":\"ListItem\",\"position\":2,\"name\":\"Inicio\"}]},{\"@type\":\"WebSite\",\"@id\":\"https:\\\/\\\/eskulanakmanualidades.com\\\/#website\",\"url\":\"https:\\\/\\\/eskulanakmanualidades.com\\\/\",\"name\":\"Eskulanak - Manualidades\",\"description\":\"Eskulanak - Manualidades\",\"publisher\":{\"@id\":\"https:\\\/\\\/eskulanakmanualidades.com\\\/#organization\"},\"potentialAction\":[{\"@type\":\"SearchAction\",\"target\":{\"@type\":\"EntryPoint\",\"urlTemplate\":\"https:\\\/\\\/eskulanakmanualidades.com\\\/?s={search_term_string}\"},\"query-input\":{\"@type\":\"PropertyValueSpecification\",\"valueRequired\":true,\"valueName\":\"search_term_string\"}}],\"inLanguage\":\"eu\"},{\"@type\":\"Organization\",\"@id\":\"https:\\\/\\\/eskulanakmanualidades.com\\\/#organization\",\"name\":\"Eskulanak - Manualidades\",\"url\":\"https:\\\/\\\/eskulanakmanualidades.com\\\/\",\"logo\":{\"@type\":\"ImageObject\",\"inLanguage\":\"eu\",\"@id\":\"https:\\\/\\\/eskulanakmanualidades.com\\\/#\\\/schema\\\/logo\\\/image\\\/\",\"url\":\"https:\\\/\\\/eskulanakmanualidades.com\\\/wp-content\\\/uploads\\\/2025\\\/08\\\/cropped-1-trans.png\",\"contentUrl\":\"https:\\\/\\\/eskulanakmanualidades.com\\\/wp-content\\\/uploads\\\/2025\\\/08\\\/cropped-1-trans.png\",\"width\":500,\"height\":225,\"caption\":\"Eskulanak - Manualidades\"},\"image\":{\"@id\":\"https:\\\/\\\/eskulanakmanualidades.com\\\/#\\\/schema\\\/logo\\\/image\\\/\"}}]}<\/script>\n<!-- \/ Yoast SEO plugin. -->","yoast_head_json":{"title":"Inicio - Eskulanak - Manualidades","robots":{"index":"index","follow":"follow","max-snippet":"max-snippet:-1","max-image-preview":"max-image-preview:large","max-video-preview":"max-video-preview:-1"},"canonical":"https:\/\/eskulanakmanualidades.com\/eu\/","og_locale":"en_US","og_type":"article","og_title":"Inicio - Eskulanak - Manualidades","og_description":"\u00a1Crea algo hermoso hoy! Servicios SOBRE NOSOTROS el dise\u00f1o innovador es nuestra pasi\u00f3n Tienda especializada que ofrece un amplio surtido de art\u00edculos destinados a manualidades, donde podr\u00e1s elegir entre una extensa variedad de materiales y herramientas que te permitir\u00e1n dar rienda suelta a tu imaginaci\u00f3n y crear verdaderas obras de arte.\u00a0 Servicios \u00a1Te ayudamos a [&hellip;]","og_url":"https:\/\/eskulanakmanualidades.com\/eu\/","og_site_name":"Eskulanak - Manualidades","article_modified_time":"2025-08-13T12:56:56+00:00","og_image":[{"url":"https:\/\/eskulanakmanualidades.com\/wp-content\/uploads\/2025\/08\/WhatsApp-Image-2025-07-21-at-10.23.12.jpeg","type":"","width":"","height":""}],"twitter_card":"summary_large_image","twitter_misc":{"Est. reading time":"1 minutua"},"schema":{"@context":"https:\/\/schema.org","@graph":[{"@type":"WebPage","@id":"https:\/\/eskulanakmanualidades.com\/","url":"https:\/\/eskulanakmanualidades.com\/","name":"Inicio - Eskulanak - Manualidades","isPartOf":{"@id":"https:\/\/eskulanakmanualidades.com\/#website"},"primaryImageOfPage":{"@id":"https:\/\/eskulanakmanualidades.com\/#primaryimage"},"image":{"@id":"https:\/\/eskulanakmanualidades.com\/#primaryimage"},"thumbnailUrl":"https:\/\/eskulanakmanualidades.com\/wp-content\/uploads\/2025\/08\/WhatsApp-Image-2025-07-21-at-10.23.12.jpeg","datePublished":"2025-08-13T08:59:44+00:00","dateModified":"2025-08-13T12:56:56+00:00","breadcrumb":{"@id":"https:\/\/eskulanakmanualidades.com\/#breadcrumb"},"inLanguage":"eu","potentialAction":[{"@type":"ReadAction","target":["https:\/\/eskulanakmanualidades.com\/"]}]},{"@type":"ImageObject","inLanguage":"eu","@id":"https:\/\/eskulanakmanualidades.com\/#primaryimage","url":"https:\/\/eskulanakmanualidades.com\/wp-content\/uploads\/2025\/08\/WhatsApp-Image-2025-07-21-at-10.23.12.jpeg","contentUrl":"https:\/\/eskulanakmanualidades.com\/wp-content\/uploads\/2025\/08\/WhatsApp-Image-2025-07-21-at-10.23.12.jpeg"},{"@type":"BreadcrumbList","@id":"https:\/\/eskulanakmanualidades.com\/#breadcrumb","itemListElement":[{"@type":"ListItem","position":1,"name":"Portada","item":"https:\/\/eskulanakmanualidades.com\/"},{"@type":"ListItem","position":2,"name":"Inicio"}]},{"@type":"WebSite","@id":"https:\/\/eskulanakmanualidades.com\/#website","url":"https:\/\/eskulanakmanualidades.com\/","name":"Eskulanak - Manualidades","description":"Eskulanak - Manualidades","publisher":{"@id":"https:\/\/eskulanakmanualidades.com\/#organization"},"potentialAction":[{"@type":"SearchAction","target":{"@type":"EntryPoint","urlTemplate":"https:\/\/eskulanakmanualidades.com\/?s={search_term_string}"},"query-input":{"@type":"PropertyValueSpecification","valueRequired":true,"valueName":"search_term_string"}}],"inLanguage":"eu"},{"@type":"Organization","@id":"https:\/\/eskulanakmanualidades.com\/#organization","name":"Eskulanak - Manualidades","url":"https:\/\/eskulanakmanualidades.com\/","logo":{"@type":"ImageObject","inLanguage":"eu","@id":"https:\/\/eskulanakmanualidades.com\/#\/schema\/logo\/image\/","url":"https:\/\/eskulanakmanualidades.com\/wp-content\/uploads\/2025\/08\/cropped-1-trans.png","contentUrl":"https:\/\/eskulanakmanualidades.com\/wp-content\/uploads\/2025\/08\/cropped-1-trans.png","width":500,"height":225,"caption":"Eskulanak - Manualidades"},"image":{"@id":"https:\/\/eskulanakmanualidades.com\/#\/schema\/logo\/image\/"}}]}},"_links":{"self":[{"href":"https:\/\/eskulanakmanualidades.com\/eu\/wp-json\/wp\/v2\/pages\/2","targetHints":{"allow":["GET"]}}],"collection":[{"href":"https:\/\/eskulanakmanualidades.com\/eu\/wp-json\/wp\/v2\/pages"}],"about":[{"href":"https:\/\/eskulanakmanualidades.com\/eu\/wp-json\/wp\/v2\/types\/page"}],"author":[{"embeddable":true,"href":"https:\/\/eskulanakmanualidades.com\/eu\/wp-json\/wp\/v2\/users\/1"}],"replies":[{"embeddable":true,"href":"https:\/\/eskulanakmanualidades.com\/eu\/wp-json\/wp\/v2\/comments?post=2"}],"version-history":[{"count":71,"href":"https:\/\/eskulanakmanualidades.com\/eu\/wp-json\/wp\/v2\/pages\/2\/revisions"}],"predecessor-version":[{"id":394,"href":"https:\/\/eskulanakmanualidades.com\/eu\/wp-json\/wp\/v2\/pages\/2\/revisions\/394"}],"wp:attachment":[{"href":"https:\/\/eskulanakmanualidades.com\/eu\/wp-json\/wp\/v2\/media?parent=2"}],"curies":[{"name":"wp","href":"https:\/\/api.w.org\/{rel}","templated":true}]}}